{"id":155,"date":"2020-08-20T05:47:07","date_gmt":"2020-08-20T05:47:07","guid":{"rendered":"https:\/\/demo.xpeedstudio.com\/getleads\/demo6\/?page_id=155"},"modified":"2021-05-26T11:21:24","modified_gmt":"2021-05-26T14:21:24","slug":"a-empresa","status":"publish","type":"page","link":"https:\/\/profloraconsultoria.com.br\/2021\/a-empresa\/","title":{"rendered":"A Empresa"},"content":{"rendered":"\t\t<div data-elementor-type=\"wp-page\" data-elementor-id=\"155\" class=\"elementor elementor-155\" data-elementor-settings=\"[]\">\n\t\t\t\t\t\t<div class=\"elementor-inner\">\n\t\t\t\t\t\t\t<div class=\"elementor-section-wrap\">\n\t\t\t\t\t\t\t<section class=\"elementor-section elementor-top-section elementor-element elementor-element-c49534d elementor-section-boxed elementor-section-height-default elementor-section-height-default\" data-id=\"c49534d\" data-element_type=\"section\">\n\t\t\t\t\t\t<div class=\"elementor-container elementor-column-gap-no\">\n\t\t\t\t\t\t\t<div class=\"elementor-row\">\n\t\t\t\t\t<div class=\"elementor-column elementor-col-100 elementor-top-column elementor-element elementor-element-1ae6a6b\" data-id=\"1ae6a6b\" data-element_type=\"column\">\n\t\t\t<div class=\"elementor-column-wrap elementor-element-populated\">\n\t\t\t\t\t\t\t<div class=\"elementor-widget-wrap\">\n\t\t\t\t\t\t<div class=\"elementor-element elementor-element-9e33ec8 elementor-widget elementor-widget-elementskit-heading\" data-id=\"9e33ec8\" data-element_type=\"widget\" data-widget_type=\"elementskit-heading.default\">\n\t\t\t\t<div class=\"elementor-widget-container\">\n\t\t\t<div class=\"ekit-wid-con\" ><div class=\"ekit-heading elementskit-section-title-wraper text_center   ekit_heading_tablet-   ekit_heading_mobile-text_center\"><h2 class=\"ekit-heading--title elementskit-section-title \">\n\t\t\t\t\tA Proflora Consultoria \n\t\t\t\t<\/h2><\/div><\/div>\t\t<\/div>\n\t\t\t\t<\/div>\n\t\t\t\t<div class=\"elementor-element elementor-element-1341e01 elementor-widget elementor-widget-text-editor\" data-id=\"1341e01\" data-element_type=\"widget\" data-widget_type=\"text-editor.default\">\n\t\t\t\t<div class=\"elementor-widget-container\">\n\t\t\t\t\t\t\t\t<div class=\"elementor-text-editor elementor-clearfix\">\n\t\t\t\t<p>A empresa\u00a0<strong>PROFLORA CONSULTORIA AMBIENTAL<\/strong>\u00a0foi fundada no dia 12 de agosto de 2006 atrav\u00e9s do Engenheiro Florestal Luciano Feitosa de Paula natural de Barra do Gar\u00e7as-MT, nascido no dia 20\/06\/1980, filho de Concei\u00e7\u00e3o Oliveira de Paula e Maria Suely Feitosa de Paula e formado pela Universidade Estadual de Mato Grosso (UNEMAT) em Alta Floresta-MT e tamb\u00e9m a Engenheira Florestal Ana Paula Neuhaus, natural de Maracaju-MS, filha de Nelson Neuhaus e Jumara Neuhaus, formada tamb\u00e9m pela Universidade Estadual de Mato Grosso (UNEMAT).<\/p><p>Na \u00e9poca da funda\u00e7\u00e3o da empresa ambos rec\u00e9m-formados colocaram uma sede no munic\u00edpio de Canarana-MT com o intuito de atender toda a regi\u00e3o do vale do Araguaia e tamb\u00e9m uma sede na cidade de Rondon\u00f3polis-MT com a intens\u00e3o de atender a regi\u00e3o sul e todo o restante do estado de Mato Grosso. Atualmente a empresa possui sede apenas no munic\u00edpio de Rondon\u00f3polis mais continua atendendo em do estado de Mato Grosso na \u00e1rea ambiental atrav\u00e9s do Licenciamento Ambiental em todas as modalidades (LAU) (CAR) (PEF) (LC) (LP, LI e LO), na \u00e1rea jur\u00eddica consta no quadro da equipe um advogado especializado em direito ambiental que da todo suporte em defesas administrativas junto a SEMA e IBAMA (multas, embargos e etc.), na parte de georreferenciamento atende com uma excelente equipe que proporciona aos clientes uma certifica\u00e7\u00e3o r\u00e1pida e de qualidade junto ao INCRA.<\/p><p>A empresa tamb\u00e9m possui no seu quadro um ge\u00f3logo e um engenheiro sanitarista, ou seja, tudo que envolver o meio ambiente a empresa lhe fornece um profissional qualificado para poder atender da melhor forma poss\u00edvel.<\/p>\t\t\t\t\t<\/div>\n\t\t\t\t\t\t<\/div>\n\t\t\t\t<\/div>\n\t\t\t\t\t\t<\/div>\n\t\t\t\t\t<\/div>\n\t\t<\/div>\n\t\t\t\t\t\t\t\t<\/div>\n\t\t\t\t\t<\/div>\n\t\t<\/section>\n\t\t\t\t<section class=\"elementor-section elementor-top-section elementor-element elementor-element-96d4b2a elementor-section-boxed elementor-section-height-default elementor-section-height-default\" data-id=\"96d4b2a\" data-element_type=\"section\">\n\t\t\t\t\t\t<div class=\"elementor-container elementor-column-gap-no\">\n\t\t\t\t\t\t\t<div class=\"elementor-row\">\n\t\t\t\t\t<div class=\"elementor-column elementor-col-100 elementor-top-column elementor-element elementor-element-2a33783\" data-id=\"2a33783\" data-element_type=\"column\">\n\t\t\t<div class=\"elementor-column-wrap elementor-element-populated\">\n\t\t\t\t\t\t\t<div class=\"elementor-widget-wrap\">\n\t\t\t\t\t\t<div class=\"elementor-element elementor-element-707e779 elementor-widget elementor-widget-elementskit-heading\" data-id=\"707e779\" data-element_type=\"widget\" data-widget_type=\"elementskit-heading.default\">\n\t\t\t\t<div class=\"elementor-widget-container\">\n\t\t\t<div class=\"ekit-wid-con\" ><div class=\"ekit-heading elementskit-section-title-wraper text_center   ekit_heading_tablet-   ekit_heading_mobile-text_center\"><h2 class=\"ekit-heading--title elementskit-section-title \">\n\t\t\t\t\tNossa Estrutura\n\t\t\t\t<\/h2><\/div><\/div>\t\t<\/div>\n\t\t\t\t<\/div>\n\t\t\t\t<div class=\"elementor-element elementor-element-93b40ce gallery-spacing-custom elementor-widget elementor-widget-image-gallery\" data-id=\"93b40ce\" data-element_type=\"widget\" data-widget_type=\"image-gallery.default\">\n\t\t\t\t<div class=\"elementor-widget-container\">\n\t\t\t\t\t<div class=\"elementor-image-gallery\">\n\t\t\t<div id='gallery-1' class='gallery galleryid-155 gallery-columns-4 gallery-size-medium'><figure class='gallery-item'>\n\t\t\t<div class='gallery-icon landscape'>\n\t\t\t\t<a data-elementor-open-lightbox=\"yes\" data-elementor-lightbox-slideshow=\"93b40ce\" data-elementor-lightbox-title=\"1-proflora\" e-action-hash=\"#elementor-action%3Aaction%3Dlightbox%26settings%3DeyJpZCI6MTAwMSwidXJsIjoiaHR0cHM6XC9cL3Byb2Zsb3JhY29uc3VsdG9yaWEuY29tLmJyXC8yMDIxXC93cC1jb250ZW50XC91cGxvYWRzXC8yMDIxXC8wNVwvMS1wcm9mbG9yYS5qcGciLCJzbGlkZXNob3ciOiI5M2I0MGNlIn0%3D\" href='https:\/\/profloraconsultoria.com.br\/2021\/wp-content\/uploads\/2021\/05\/1-proflora.jpg'><img loading=\"lazy\" decoding=\"async\" width=\"300\" height=\"201\" src=\"https:\/\/profloraconsultoria.com.br\/2021\/wp-content\/uploads\/2021\/05\/1-proflora-300x201.jpg\" class=\"attachment-medium size-medium\" alt=\"\" srcset=\"https:\/\/profloraconsultoria.com.br\/2021\/wp-content\/uploads\/2021\/05\/1-proflora-300x201.jpg 300w, https:\/\/profloraconsultoria.com.br\/2021\/wp-content\/uploads\/2021\/05\/1-proflora.jpg 718w\" sizes=\"auto, (max-width: 300px) 100vw, 300px\" \/><\/a>\n\t\t\t<\/div><\/figure><figure class='gallery-item'>\n\t\t\t<div class='gallery-icon landscape'>\n\t\t\t\t<a data-elementor-open-lightbox=\"yes\" data-elementor-lightbox-slideshow=\"93b40ce\" data-elementor-lightbox-title=\"2-escritorio\" e-action-hash=\"#elementor-action%3Aaction%3Dlightbox%26settings%3DeyJpZCI6MTAwMiwidXJsIjoiaHR0cHM6XC9cL3Byb2Zsb3JhY29uc3VsdG9yaWEuY29tLmJyXC8yMDIxXC93cC1jb250ZW50XC91cGxvYWRzXC8yMDIxXC8wNVwvMi1lc2NyaXRvcmlvLmpwZyIsInNsaWRlc2hvdyI6IjkzYjQwY2UifQ%3D%3D\" href='https:\/\/profloraconsultoria.com.br\/2021\/wp-content\/uploads\/2021\/05\/2-escritorio.jpg'><img loading=\"lazy\" decoding=\"async\" width=\"300\" height=\"201\" src=\"https:\/\/profloraconsultoria.com.br\/2021\/wp-content\/uploads\/2021\/05\/2-escritorio-300x201.jpg\" class=\"attachment-medium size-medium\" alt=\"\" srcset=\"https:\/\/profloraconsultoria.com.br\/2021\/wp-content\/uploads\/2021\/05\/2-escritorio-300x201.jpg 300w, https:\/\/profloraconsultoria.com.br\/2021\/wp-content\/uploads\/2021\/05\/2-escritorio.jpg 718w\" sizes=\"auto, (max-width: 300px) 100vw, 300px\" \/><\/a>\n\t\t\t<\/div><\/figure><figure class='gallery-item'>\n\t\t\t<div class='gallery-icon landscape'>\n\t\t\t\t<a data-elementor-open-lightbox=\"yes\" data-elementor-lightbox-slideshow=\"93b40ce\" data-elementor-lightbox-title=\"3-escritorio-2\" e-action-hash=\"#elementor-action%3Aaction%3Dlightbox%26settings%3DeyJpZCI6MTAwNCwidXJsIjoiaHR0cHM6XC9cL3Byb2Zsb3JhY29uc3VsdG9yaWEuY29tLmJyXC8yMDIxXC93cC1jb250ZW50XC91cGxvYWRzXC8yMDIxXC8wNVwvMy1lc2NyaXRvcmlvLTIuanBnIiwic2xpZGVzaG93IjoiOTNiNDBjZSJ9\" href='https:\/\/profloraconsultoria.com.br\/2021\/wp-content\/uploads\/2021\/05\/3-escritorio-2.jpg'><img loading=\"lazy\" decoding=\"async\" width=\"300\" height=\"201\" src=\"https:\/\/profloraconsultoria.com.br\/2021\/wp-content\/uploads\/2021\/05\/3-escritorio-2-300x201.jpg\" class=\"attachment-medium size-medium\" alt=\"\" srcset=\"https:\/\/profloraconsultoria.com.br\/2021\/wp-content\/uploads\/2021\/05\/3-escritorio-2-300x201.jpg 300w, https:\/\/profloraconsultoria.com.br\/2021\/wp-content\/uploads\/2021\/05\/3-escritorio-2.jpg 718w\" sizes=\"auto, (max-width: 300px) 100vw, 300px\" \/><\/a>\n\t\t\t<\/div><\/figure><figure class='gallery-item'>\n\t\t\t<div class='gallery-icon landscape'>\n\t\t\t\t<a data-elementor-open-lightbox=\"yes\" data-elementor-lightbox-slideshow=\"93b40ce\" data-elementor-lightbox-title=\"4-sala-de-reuniao\" e-action-hash=\"#elementor-action%3Aaction%3Dlightbox%26settings%3DeyJpZCI6MTAwNSwidXJsIjoiaHR0cHM6XC9cL3Byb2Zsb3JhY29uc3VsdG9yaWEuY29tLmJyXC8yMDIxXC93cC1jb250ZW50XC91cGxvYWRzXC8yMDIxXC8wNVwvNC1zYWxhLWRlLXJldW5pYW8uanBnIiwic2xpZGVzaG93IjoiOTNiNDBjZSJ9\" href='https:\/\/profloraconsultoria.com.br\/2021\/wp-content\/uploads\/2021\/05\/4-sala-de-reuniao.jpg'><img loading=\"lazy\" decoding=\"async\" width=\"300\" height=\"201\" src=\"https:\/\/profloraconsultoria.com.br\/2021\/wp-content\/uploads\/2021\/05\/4-sala-de-reuniao-300x201.jpg\" class=\"attachment-medium size-medium\" alt=\"\" srcset=\"https:\/\/profloraconsultoria.com.br\/2021\/wp-content\/uploads\/2021\/05\/4-sala-de-reuniao-300x201.jpg 300w, https:\/\/profloraconsultoria.com.br\/2021\/wp-content\/uploads\/2021\/05\/4-sala-de-reuniao.jpg 718w\" sizes=\"auto, (max-width: 300px) 100vw, 300px\" \/><\/a>\n\t\t\t<\/div><\/figure><figure class='gallery-item'>\n\t\t\t<div class='gallery-icon landscape'>\n\t\t\t\t<a data-elementor-open-lightbox=\"yes\" data-elementor-lightbox-slideshow=\"93b40ce\" data-elementor-lightbox-title=\"5-operacional\" e-action-hash=\"#elementor-action%3Aaction%3Dlightbox%26settings%3DeyJpZCI6MTAwNiwidXJsIjoiaHR0cHM6XC9cL3Byb2Zsb3JhY29uc3VsdG9yaWEuY29tLmJyXC8yMDIxXC93cC1jb250ZW50XC91cGxvYWRzXC8yMDIxXC8wNVwvNS1vcGVyYWNpb25hbC5qcGciLCJzbGlkZXNob3ciOiI5M2I0MGNlIn0%3D\" href='https:\/\/profloraconsultoria.com.br\/2021\/wp-content\/uploads\/2021\/05\/5-operacional.jpg'><img loading=\"lazy\" decoding=\"async\" width=\"300\" height=\"201\" src=\"https:\/\/profloraconsultoria.com.br\/2021\/wp-content\/uploads\/2021\/05\/5-operacional-300x201.jpg\" class=\"attachment-medium size-medium\" alt=\"\" srcset=\"https:\/\/profloraconsultoria.com.br\/2021\/wp-content\/uploads\/2021\/05\/5-operacional-300x201.jpg 300w, https:\/\/profloraconsultoria.com.br\/2021\/wp-content\/uploads\/2021\/05\/5-operacional.jpg 718w\" sizes=\"auto, (max-width: 300px) 100vw, 300px\" \/><\/a>\n\t\t\t<\/div><\/figure><figure class='gallery-item'>\n\t\t\t<div class='gallery-icon landscape'>\n\t\t\t\t<a data-elementor-open-lightbox=\"yes\" data-elementor-lightbox-slideshow=\"93b40ce\" data-elementor-lightbox-title=\"6-operacional-2\" e-action-hash=\"#elementor-action%3Aaction%3Dlightbox%26settings%3DeyJpZCI6MTAwNywidXJsIjoiaHR0cHM6XC9cL3Byb2Zsb3JhY29uc3VsdG9yaWEuY29tLmJyXC8yMDIxXC93cC1jb250ZW50XC91cGxvYWRzXC8yMDIxXC8wNVwvNi1vcGVyYWNpb25hbC0yLmpwZyIsInNsaWRlc2hvdyI6IjkzYjQwY2UifQ%3D%3D\" href='https:\/\/profloraconsultoria.com.br\/2021\/wp-content\/uploads\/2021\/05\/6-operacional-2.jpg'><img loading=\"lazy\" decoding=\"async\" width=\"300\" height=\"201\" src=\"https:\/\/profloraconsultoria.com.br\/2021\/wp-content\/uploads\/2021\/05\/6-operacional-2-300x201.jpg\" class=\"attachment-medium size-medium\" alt=\"\" srcset=\"https:\/\/profloraconsultoria.com.br\/2021\/wp-content\/uploads\/2021\/05\/6-operacional-2-300x201.jpg 300w, https:\/\/profloraconsultoria.com.br\/2021\/wp-content\/uploads\/2021\/05\/6-operacional-2.jpg 718w\" sizes=\"auto, (max-width: 300px) 100vw, 300px\" \/><\/a>\n\t\t\t<\/div><\/figure><figure class='gallery-item'>\n\t\t\t<div class='gallery-icon landscape'>\n\t\t\t\t<a data-elementor-open-lightbox=\"yes\" data-elementor-lightbox-slideshow=\"93b40ce\" data-elementor-lightbox-title=\"7-Proflora-2\" e-action-hash=\"#elementor-action%3Aaction%3Dlightbox%26settings%3DeyJpZCI6MTAwOCwidXJsIjoiaHR0cHM6XC9cL3Byb2Zsb3JhY29uc3VsdG9yaWEuY29tLmJyXC8yMDIxXC93cC1jb250ZW50XC91cGxvYWRzXC8yMDIxXC8wNVwvNy1Qcm9mbG9yYS0yLmpwZyIsInNsaWRlc2hvdyI6IjkzYjQwY2UifQ%3D%3D\" href='https:\/\/profloraconsultoria.com.br\/2021\/wp-content\/uploads\/2021\/05\/7-Proflora-2.jpg'><img loading=\"lazy\" decoding=\"async\" width=\"300\" height=\"201\" src=\"https:\/\/profloraconsultoria.com.br\/2021\/wp-content\/uploads\/2021\/05\/7-Proflora-2-300x201.jpg\" class=\"attachment-medium size-medium\" alt=\"\" srcset=\"https:\/\/profloraconsultoria.com.br\/2021\/wp-content\/uploads\/2021\/05\/7-Proflora-2-300x201.jpg 300w, https:\/\/profloraconsultoria.com.br\/2021\/wp-content\/uploads\/2021\/05\/7-Proflora-2.jpg 718w\" sizes=\"auto, (max-width: 300px) 100vw, 300px\" \/><\/a>\n\t\t\t<\/div><\/figure><figure class='gallery-item'>\n\t\t\t<div class='gallery-icon landscape'>\n\t\t\t\t<a data-elementor-open-lightbox=\"yes\" data-elementor-lightbox-slideshow=\"93b40ce\" data-elementor-lightbox-title=\"8-corredor\" e-action-hash=\"#elementor-action%3Aaction%3Dlightbox%26settings%3DeyJpZCI6MTAwOSwidXJsIjoiaHR0cHM6XC9cL3Byb2Zsb3JhY29uc3VsdG9yaWEuY29tLmJyXC8yMDIxXC93cC1jb250ZW50XC91cGxvYWRzXC8yMDIxXC8wNVwvOC1jb3JyZWRvci5qcGciLCJzbGlkZXNob3ciOiI5M2I0MGNlIn0%3D\" href='https:\/\/profloraconsultoria.com.br\/2021\/wp-content\/uploads\/2021\/05\/8-corredor.jpg'><img loading=\"lazy\" decoding=\"async\" width=\"300\" height=\"201\" src=\"https:\/\/profloraconsultoria.com.br\/2021\/wp-content\/uploads\/2021\/05\/8-corredor-300x201.jpg\" class=\"attachment-medium size-medium\" alt=\"\" srcset=\"https:\/\/profloraconsultoria.com.br\/2021\/wp-content\/uploads\/2021\/05\/8-corredor-300x201.jpg 300w, https:\/\/profloraconsultoria.com.br\/2021\/wp-content\/uploads\/2021\/05\/8-corredor.jpg 718w\" sizes=\"auto, (max-width: 300px) 100vw, 300px\" \/><\/a>\n\t\t\t<\/div><\/figure>\n\t\t<\/div>\n\t\t<\/div>\n\t\t\t\t<\/div>\n\t\t\t\t<\/div>\n\t\t\t\t\t\t<\/div>\n\t\t\t\t\t<\/div>\n\t\t<\/div>\n\t\t\t\t\t\t\t\t<\/div>\n\t\t\t\t\t<\/div>\n\t\t<\/section>\n\t\t\t\t\t\t<\/div>\n\t\t\t\t\t\t<\/div>\n\t\t\t\t\t<\/div>\n\t\t","protected":false},"excerpt":{"rendered":"<p>A Proflora Consultoria A empresa\u00a0PROFLORA CONSULTORIA AMBIENTAL\u00a0foi fundada no dia 12 de agosto de 2006 atrav\u00e9s do Engenheiro Florestal Luciano Feitosa de Paula natural de Barra do Gar\u00e7as-MT, nascido no dia 20\/06\/1980, filho de Concei\u00e7\u00e3o Oliveira de Paula e Maria Suely Feitosa de Paula e formado pela Universidade Estadual de Mato Grosso (UNEMAT) em Alta [&hellip;]<\/p>\n","protected":false},"author":1,"featured_media":0,"parent":0,"menu_order":0,"comment_status":"closed","ping_status":"closed","template":"template\/full-width-template.php","meta":{"footnotes":""},"class_list":["post-155","page","type-page","status-publish","hentry"],"_links":{"self":[{"href":"https:\/\/profloraconsultoria.com.br\/2021\/wp-json\/wp\/v2\/pages\/155","targetHints":{"allow":["GET"]}}],"collection":[{"href":"https:\/\/profloraconsultoria.com.br\/2021\/wp-json\/wp\/v2\/pages"}],"about":[{"href":"https:\/\/profloraconsultoria.com.br\/2021\/wp-json\/wp\/v2\/types\/page"}],"author":[{"embeddable":true,"href":"https:\/\/profloraconsultoria.com.br\/2021\/wp-json\/wp\/v2\/users\/1"}],"replies":[{"embeddable":true,"href":"https:\/\/profloraconsultoria.com.br\/2021\/wp-json\/wp\/v2\/comments?post=155"}],"version-history":[{"count":7,"href":"https:\/\/profloraconsultoria.com.br\/2021\/wp-json\/wp\/v2\/pages\/155\/revisions"}],"predecessor-version":[{"id":1012,"href":"https:\/\/profloraconsultoria.com.br\/2021\/wp-json\/wp\/v2\/pages\/155\/revisions\/1012"}],"wp:attachment":[{"href":"https:\/\/profloraconsultoria.com.br\/2021\/wp-json\/wp\/v2\/media?parent=155"}],"curies":[{"name":"wp","href":"https:\/\/api.w.org\/{rel}","templated":true}]}}