{"id":1016,"date":"2021-05-26T11:23:32","date_gmt":"2021-05-26T14:23:32","guid":{"rendered":"https:\/\/profloraconsultoria.com.br\/?page_id=1016"},"modified":"2021-05-26T11:25:11","modified_gmt":"2021-05-26T14:25:11","slug":"projetos","status":"publish","type":"page","link":"https:\/\/profloraconsultoria.com.br\/2021\/projetos\/","title":{"rendered":"Projetos"},"content":{"rendered":"\t\t<div data-elementor-type=\"wp-page\" data-elementor-id=\"1016\" class=\"elementor elementor-1016\" data-elementor-settings=\"[]\">\n\t\t\t\t\t\t<div class=\"elementor-inner\">\n\t\t\t\t\t\t\t<div class=\"elementor-section-wrap\">\n\t\t\t\t\t\t\t<section class=\"elementor-section elementor-top-section elementor-element elementor-element-c49534d elementor-section-boxed elementor-section-height-default elementor-section-height-default\" data-id=\"c49534d\" data-element_type=\"section\">\n\t\t\t\t\t\t<div class=\"elementor-container elementor-column-gap-no\">\n\t\t\t\t\t\t\t<div class=\"elementor-row\">\n\t\t\t\t\t<div class=\"elementor-column elementor-col-100 elementor-top-column elementor-element elementor-element-1ae6a6b\" data-id=\"1ae6a6b\" data-element_type=\"column\">\n\t\t\t<div class=\"elementor-column-wrap elementor-element-populated\">\n\t\t\t\t\t\t\t<div class=\"elementor-widget-wrap\">\n\t\t\t\t\t\t<div class=\"elementor-element elementor-element-9e33ec8 elementor-widget elementor-widget-elementskit-heading\" data-id=\"9e33ec8\" data-element_type=\"widget\" data-widget_type=\"elementskit-heading.default\">\n\t\t\t\t<div class=\"elementor-widget-container\">\n\t\t\t<div class=\"ekit-wid-con\" ><div class=\"ekit-heading elementskit-section-title-wraper text_center   ekit_heading_tablet-   ekit_heading_mobile-text_center\"><h2 class=\"ekit-heading--title elementskit-section-title \">\n\t\t\t\t\tServi\u00e7os Executados com Excel\u00eancia\n\t\t\t\t<\/h2><\/div><\/div>\t\t<\/div>\n\t\t\t\t<\/div>\n\t\t\t\t\t\t<\/div>\n\t\t\t\t\t<\/div>\n\t\t<\/div>\n\t\t\t\t\t\t\t\t<\/div>\n\t\t\t\t\t<\/div>\n\t\t<\/section>\n\t\t\t\t<section class=\"elementor-section elementor-top-section elementor-element elementor-element-e6f7ad3 elementor-section-boxed elementor-section-height-default elementor-section-height-default\" data-id=\"e6f7ad3\" data-element_type=\"section\">\n\t\t\t\t\t\t<div class=\"elementor-container elementor-column-gap-default\">\n\t\t\t\t\t\t\t<div class=\"elementor-row\">\n\t\t\t\t\t<div class=\"elementor-column elementor-col-100 elementor-top-column elementor-element elementor-element-28c0654\" data-id=\"28c0654\" data-element_type=\"column\">\n\t\t\t<div class=\"elementor-column-wrap elementor-element-populated\">\n\t\t\t\t\t\t\t<div class=\"elementor-widget-wrap\">\n\t\t\t\t\t\t<div class=\"elementor-element elementor-element-f615907 elementor-widget elementor-widget-elementskit-post-grid\" data-id=\"f615907\" data-element_type=\"widget\" data-widget_type=\"elementskit-post-grid.default\">\n\t\t\t\t<div class=\"elementor-widget-container\">\n\t\t\t<div class=\"ekit-wid-con\" >\n        <div class=\"ekit--tab__post__details ekit-post_grid\">\n                                                                                                        <div class=\"tab__post__single--item ekit___column-2 tablet-ekit___column-2 mobile-ekit___column-2 post-count-500\">\n                            <a href=\"https:\/\/profloraconsultoria.com.br\/2021\/licenciamento-ambiental-piscicultura-na-distrito-de-boa-vista-municipio-de-rondonopolis\/\" class=\"tab__post--header\">\n                                                                <div class=\"post_grid_img_thumb\" style=\"background-image: url('https:\/\/profloraconsultoria.com.br\/2021\/wp-content\/uploads\/2021\/05\/capa6-300x166.jpg')\"><\/div>\n                                                            <\/a>\n                            <h3 class=\"tab__post--title ekit-post_grid-title\"><a href=\"https:\/\/profloraconsultoria.com.br\/2021\/licenciamento-ambiental-piscicultura-na-distrito-de-boa-vista-municipio-de-rondonopolis\/\">Licenciamento ambiental, piscicultura, na Distrito de Boa Vista munic\u00edpio de Rondon\u00f3polis.<\/a><\/h3>\n                        <\/div>\n                                        \n                                                                                <div class=\"tab__post__single--item ekit___column-2 tablet-ekit___column-2 mobile-ekit___column-2 post-count-500\">\n                            <a href=\"https:\/\/profloraconsultoria.com.br\/2021\/medicao-elaboracao-de-mapa-e-memorial-descritivo\/\" class=\"tab__post--header\">\n                                                                <div class=\"post_grid_img_thumb\" style=\"background-image: url('https:\/\/profloraconsultoria.com.br\/2021\/wp-content\/uploads\/2021\/05\/capa5-300x166.jpg')\"><\/div>\n                                                            <\/a>\n                            <h3 class=\"tab__post--title ekit-post_grid-title\"><a href=\"https:\/\/profloraconsultoria.com.br\/2021\/medicao-elaboracao-de-mapa-e-memorial-descritivo\/\">Medi\u00e7\u00e3o, elabora\u00e7\u00e3o de mapa e memorial descritivo<\/a><\/h3>\n                        <\/div>\n                                        \n                                                                                <div class=\"tab__post__single--item ekit___column-2 tablet-ekit___column-2 mobile-ekit___column-2 post-count-500\">\n                            <a href=\"https:\/\/profloraconsultoria.com.br\/2021\/elaborac%cc%a7a%cc%83o-do-plano-de-explorac%cc%a7a%cc%83o-florestal\/\" class=\"tab__post--header\">\n                                                                <div class=\"post_grid_img_thumb\" style=\"background-image: url('https:\/\/profloraconsultoria.com.br\/2021\/wp-content\/uploads\/2021\/05\/capa4-300x166.jpg')\"><\/div>\n                                                            <\/a>\n                            <h3 class=\"tab__post--title ekit-post_grid-title\"><a href=\"https:\/\/profloraconsultoria.com.br\/2021\/elaborac%cc%a7a%cc%83o-do-plano-de-explorac%cc%a7a%cc%83o-florestal\/\">Elaborac\u0327a\u0303o do Plano de Explorac\u0327a\u0303o Florestal.<\/a><\/h3>\n                        <\/div>\n                                        \n                                                                                <div class=\"tab__post__single--item ekit___column-2 tablet-ekit___column-2 mobile-ekit___column-2 post-count-500\">\n                            <a href=\"https:\/\/profloraconsultoria.com.br\/2021\/licenc%cc%a7a-de-operac%cc%a7a%cc%83o-para-areia-cascalho-ou-pedregulho\/\" class=\"tab__post--header\">\n                                                                <div class=\"post_grid_img_thumb\" style=\"background-image: url('https:\/\/profloraconsultoria.com.br\/2021\/wp-content\/uploads\/2021\/05\/capa3-300x166.jpg')\"><\/div>\n                                                            <\/a>\n                            <h3 class=\"tab__post--title ekit-post_grid-title\"><a href=\"https:\/\/profloraconsultoria.com.br\/2021\/licenc%cc%a7a-de-operac%cc%a7a%cc%83o-para-areia-cascalho-ou-pedregulho\/\">Licenc\u0327a de Operac\u0327a\u0303o para areia, cascalho ou pedregulho<\/a><\/h3>\n                        <\/div>\n                                        \n                                                                                <div class=\"tab__post__single--item ekit___column-2 tablet-ekit___column-2 mobile-ekit___column-2 post-count-500\">\n                            <a href=\"https:\/\/profloraconsultoria.com.br\/2021\/projeto-vila-jardim-residencial-e-comercial\/\" class=\"tab__post--header\">\n                                                                <div class=\"post_grid_img_thumb\" style=\"background-image: url('https:\/\/profloraconsultoria.com.br\/2021\/wp-content\/uploads\/2021\/05\/Captura-de-Tela-2021-05-26-a\u0300s-08.08.03-300x166.png')\"><\/div>\n                                                            <\/a>\n                            <h3 class=\"tab__post--title ekit-post_grid-title\"><a href=\"https:\/\/profloraconsultoria.com.br\/2021\/projeto-vila-jardim-residencial-e-comercial\/\">Projeto Vila Jardim Residencial e Comercial<\/a><\/h3>\n                        <\/div>\n                                        \n                                                                                <div class=\"tab__post__single--item ekit___column-2 tablet-ekit___column-2 mobile-ekit___column-2 post-count-500\">\n                            <a href=\"https:\/\/profloraconsultoria.com.br\/2021\/projeto-licenciamento-ambiental-fabrica-de-rac%cc%a7a%cc%83o\/\" class=\"tab__post--header\">\n                                                                <div class=\"post_grid_img_thumb\" style=\"background-image: url('https:\/\/profloraconsultoria.com.br\/2021\/wp-content\/uploads\/2021\/05\/Captura-de-Tela-2021-05-26-a\u0300s-08.00.59-300x165.png')\"><\/div>\n                                                            <\/a>\n                            <h3 class=\"tab__post--title ekit-post_grid-title\"><a href=\"https:\/\/profloraconsultoria.com.br\/2021\/projeto-licenciamento-ambiental-fabrica-de-rac%cc%a7a%cc%83o\/\">Projeto Licenciamento Ambiental fa\u0301brica de rac\u0327a\u0303o<\/a><\/h3>\n                        <\/div>\n                                        \n                        <\/div>\n    <\/div>\t\t<\/div>\n\t\t\t\t<\/div>\n\t\t\t\t\t\t<\/div>\n\t\t\t\t\t<\/div>\n\t\t<\/div>\n\t\t\t\t\t\t\t\t<\/div>\n\t\t\t\t\t<\/div>\n\t\t<\/section>\n\t\t\t\t\t\t<\/div>\n\t\t\t\t\t\t<\/div>\n\t\t\t\t\t<\/div>\n\t\t","protected":false},"excerpt":{"rendered":"<p>Servi\u00e7os Executados com Excel\u00eancia Licenciamento ambiental, piscicultura, na Distrito de Boa Vista munic\u00edpio de Rondon\u00f3polis. Medi\u00e7\u00e3o, elabora\u00e7\u00e3o de mapa e memorial descritivo Elaborac\u0327a\u0303o do Plano de Explorac\u0327a\u0303o Florestal. Licenc\u0327a de Operac\u0327a\u0303o para areia, cascalho ou pedregulho Projeto Vila Jardim Residencial e Comercial Projeto Licenciamento Ambiental fa\u0301brica de rac\u0327a\u0303o<\/p>\n","protected":false},"author":1,"featured_media":0,"parent":0,"menu_order":0,"comment_status":"closed","ping_status":"closed","template":"template\/full-width-template.php","meta":{"footnotes":""},"class_list":["post-1016","page","type-page","status-publish","hentry"],"_links":{"self":[{"href":"https:\/\/profloraconsultoria.com.br\/2021\/wp-json\/wp\/v2\/pages\/1016","targetHints":{"allow":["GET"]}}],"collection":[{"href":"https:\/\/profloraconsultoria.com.br\/2021\/wp-json\/wp\/v2\/pages"}],"about":[{"href":"https:\/\/profloraconsultoria.com.br\/2021\/wp-json\/wp\/v2\/types\/page"}],"author":[{"embeddable":true,"href":"https:\/\/profloraconsultoria.com.br\/2021\/wp-json\/wp\/v2\/users\/1"}],"replies":[{"embeddable":true,"href":"https:\/\/profloraconsultoria.com.br\/2021\/wp-json\/wp\/v2\/comments?post=1016"}],"version-history":[{"count":7,"href":"https:\/\/profloraconsultoria.com.br\/2021\/wp-json\/wp\/v2\/pages\/1016\/revisions"}],"predecessor-version":[{"id":1023,"href":"https:\/\/profloraconsultoria.com.br\/2021\/wp-json\/wp\/v2\/pages\/1016\/revisions\/1023"}],"wp:attachment":[{"href":"https:\/\/profloraconsultoria.com.br\/2021\/wp-json\/wp\/v2\/media?parent=1016"}],"curies":[{"name":"wp","href":"https:\/\/api.w.org\/{rel}","templated":true}]}}